{"id":17866,"date":"2022-08-22T18:28:34","date_gmt":"2022-08-22T22:28:34","guid":{"rendered":"https:\/\/pnts.org\/new\/?page_id=17866"},"modified":"2022-10-26T13:34:44","modified_gmt":"2022-10-26T17:34:44","slug":"expanding-representation-in-our-trail-organizations","status":"publish","type":"page","link":"https:\/\/pnts.org\/new\/expanding-representation-in-our-trail-organizations\/","title":{"rendered":"Expanding Representation in our Trail Organizations and Communities Part 2"},"content":{"rendered":"<h5>Thursday, November 3, 2022 1:15\u20134:15pm<\/h5>\n<p>&nbsp;<\/p>\n<h4>Speakers<\/h4>\n<h6><strong>Taishya Adams<\/strong>,\u00a0Founder and Chief Intersectional Strategist,\u00a0Mukuyu Collective, LLC | Member\u00a0Outdoor F.U.T.U.R.E<\/h6>\n<p><a href=\"https:\/\/pnts.org\/new\/wp-content\/uploads\/2022\/10\/Taishya-Adams_Headshot_EMERGE_June-2022.jpg\"><img loading=\"lazy\" class=\"wp-image-18477 alignleft\" src=\"https:\/\/pnts.org\/new\/wp-content\/uploads\/2022\/10\/Taishya-Adams_Headshot_EMERGE_June-2022.jpg\" alt=\"\" width=\"391\" height=\"313\" \/><\/a>Taishya Adams is a servant leader focused on collective liberation and stewardship through personal transformation, community activation, and multi-systems change. After 25 years in the field of public policy and education, Taishya founded the Mukuyu Collective in 2020. The Collective is a dynamic firm that leverages the reform, reimagine, and recreate spaces for individual and collective liberation of all living beings. Part consulting group, part imaginarium, part innovation lab, we work with our clients, partners, and collaborators to acknowledge historical barriers and contributions, challenges assumptions, and co-create ways of being in environment and education that can balance the needs and wants of humans, other species, and the planet.\u00a0\u00a0<em>Service levers include policy development, equity reviews, organizational rapid RX, school quality reviews, educational program\/curriculum design, executive coaching, facilitation, unlikely stakeholder alignment, interagency collaboration, and community activation.<\/em><\/p>\n<p>Taishya also serves as a commissioner to Colorado Parks and Wildlife. The commission sets regulations and policies for Colorado\u2019s state parks and wildlife programs. Nationally, Taishya serves as the Acting Chair of the NOAA National Marine Sanctuaries Business Advisory Council, the Bridge Project Equitable Hiring Initiative Advisory Council, and as a board member for Black in Marine Science (BIMS). BIMS is an nonprofit organization that seeks to increase racial diversity in marine science through education and policy while also deepening the understanding, connection, and stewardship of the ocean with a focus on marginalized communities.\u00a0 Locally, Taishya serves on the Boulder Police Oversight Panel. Previously, Taishya served as the National Policy &amp; Education Director and Colorado Network Co-lead for Outdoor Afro \u2013 an organization that celebrates and inspires Black American connections to nature and leadership.\u00a0 As Policy Director, Taishya engaged with our network leaders, network participants, legislators, policymakers, and mission aligned stakeholders on education, health, and environmental policies affecting Black people, Black communities, and the planet.<\/p>\n<p>Prior to Outdoor Afro, Taishya worked at American Institutes for Research as an Equity Specialist, the National Alliance for Public Charter Schools as a technical assistance provider, the DC Public Charter School Board as a performance officer, UNA-NCA Global Classrooms as director, and the Children Defense Fund Freedom Schools where her career in educational equity began. Taishya is the founding Board President of New Legacy Charter School, a public charter high school and early learning center in Aurora, Colorado.\u00a0 Taishya holds a MA in International Education from George Washington University and a BA from Vassar College in Political Science and Film.<\/p>\n<p>&nbsp;<\/p>\n<h6><strong>Hannah Malvin<\/strong>,\u00a0<span style=\"font-weight: 400;\">Project Manager, the Bridge Project, Greening Youth Foundation |\u00a0<\/span>Hannah Malvin Coaching and Consulting | Founder of Pride Outside<\/h6>\n<div><a href=\"https:\/\/pnts.org\/new\/wp-content\/uploads\/2022\/10\/HM-Headshot.jpg\"><img loading=\"lazy\" class=\"wp-image-18513 alignleft\" src=\"https:\/\/pnts.org\/new\/wp-content\/uploads\/2022\/10\/HM-Headshot.jpg\" alt=\"\" width=\"339\" height=\"350\" srcset=\"https:\/\/pnts.org\/new\/wp-content\/uploads\/2022\/10\/HM-Headshot.jpg 1669w, https:\/\/pnts.org\/new\/wp-content\/uploads\/2022\/10\/HM-Headshot-988x1024.jpg 988w, https:\/\/pnts.org\/new\/wp-content\/uploads\/2022\/10\/HM-Headshot-768x796.jpg 768w, https:\/\/pnts.org\/new\/wp-content\/uploads\/2022\/10\/HM-Headshot-1482x1536.jpg 1482w, https:\/\/pnts.org\/new\/wp-content\/uploads\/2022\/10\/HM-Headshot-640x663.jpg 640w, https:\/\/pnts.org\/new\/wp-content\/uploads\/2022\/10\/HM-Headshot-145x150.jpg 145w\" sizes=\"(max-width: 339px) 100vw, 339px\" \/><\/a>Hannah Malvin is a coach and consultant with more than a decade of experience making work more equitable,\u00a0effective, and enjoyable. Her work is rooted in equity, peak performance, and positive psychology, the science of wellbeing. She offers staff retreats, trainings, technical assistance, and coaching and has worked with Congressional offices, federal agencies, nonprofits, foundations, and fortune 500 companies.<\/div>\n<div>\n<p>Hannah is Program Manager for Greening Youth Foundation&#8217;s Bridge Program, a public-private partnership and equitable hiring pathway for the environmental sector focused on people of color. Previously, she served as Senior Representative for Partnerships at The Wilderness Society, leading a strategic planning initiative to root relationships in equity by designing new systems of staff learning, knowledge sharing, and coordination. In 2016, she founded Pride Outside, a national organization advancing LGBTQ outdoor inclusion initiatives with Congress, federal agencies, and conservation nonprofits. She was a legislative advisor to Congressman Mike Doyle, covering health, foreign affairs, immigration, and more, and was Staff Director of the Congressional Autism Caucus.Hannah earned a BA in Political Science from Brown University and is certified in coaching and applied positive psychology. She is Vice Chair of the Southern Appalachian Wilderness Stewards Board of Directors.<\/p>\n<\/div>\n<div><\/div>\n<div>Linkedin:\u00a0<a href=\"http:\/\/www.linkedin.com\/in\/hannah-malvin-58467554\" target=\"_blank\" rel=\"noopener\" data-saferedirecturl=\"https:\/\/www.google.com\/url?q=http:\/\/www.linkedin.com\/in\/hannah-malvin-58467554&amp;source=gmail&amp;ust=1666720029069000&amp;usg=AOvVaw1Gkv25mbMPKLKcSB0IJxmh\">www.linkedin.com\/in\/<wbr \/>hannah-malvin-58467554<\/a><\/div>\n<div>Twitter:\u00a0<a href=\"https:\/\/twitter.com\/HMalvs\" target=\"_blank\" rel=\"noopener\" data-saferedirecturl=\"https:\/\/www.google.com\/url?q=https:\/\/twitter.com\/HMalvs&amp;source=gmail&amp;ust=1666720029069000&amp;usg=AOvVaw3pCjpcAiuJTD0fNZstPG9S\">https:\/\/twitter.com\/<wbr \/>HMalvs<\/a><\/div>\n<div>Insta:\u00a0@hmalvs<\/div>\n<div>Website:\u00a0<a href=\"http:\/\/www.hannahmalvincoaching.com\/\" target=\"_blank\" rel=\"noopener\" data-saferedirecturl=\"https:\/\/www.google.com\/url?q=http:\/\/www.hannahmalvincoaching.com\/&amp;source=gmail&amp;ust=1666720029069000&amp;usg=AOvVaw3REZBVfTjkMonm3y0CR9Ld\">www.<wbr \/>hannahmalvincoaching.com<\/a><\/div>\n<h6><\/h6>\n<p>&nbsp;<\/p>\n<h4>Moderators<\/h4>\n<h6><strong>Teresa Martinez,<\/strong> Executive Director, CDTC; Chair of the Board Next 100 Coalition<\/h6>\n<p>&nbsp;<\/p>\n<h6><strong>Jack Soto<\/strong>,\u00a0<span style=\"font-weight: 400;\">American Indian College Fund, Senior Program Manager, Career Readiness and Employment |\u00a0<\/span>Member Outdoor F.U.T.U.R.E.<\/h6>\n<p><span style=\"font-weight: 400;\">Jack is Navajo of the Black-Streaked-Wood People (Tsi\u2019naajinii) and Cocopah of the Mountain Lion Clan. He received his M.S. in Organizational Development and B.A. in Political Science in the School of Public Affairs at American University. He served as Director of the Washington Semester American Indian Program \u2013 Washington Internships for Native Students at American University in Washington, DC, which was the National Congress of American Indian 2012 Public Leadership award recipient. Currently he works with Tribal Colleges and Universities to support efforts in experiential education and career placement.<\/span><\/p>\n<p><span style=\"font-weight: 400;\">His work is focused on organizational cross-cultural competency with his career and academic development being greatly influenced by his time with the National Indian Education Association. He works with various organizations and tribal communities in developing an understanding of effectiveness and efficiency in overall productivity and operations. In that, he now partners with corporations in creating practices that touch on filling the gap of a Native presence in their workforce, which is a prime charge in his current position. Additionally, he works with Tribal Colleges and Universities to develop a more synthesized, culturally-responsive approach to career advising to impact the lives of their students and communities.<\/span><\/p>\n<p>&nbsp;<\/p>\n<h6><span style=\"font-weight: 400;\"><strong>\u00c1ngel Pe\u00f1a,<\/strong>\u00a0<\/span>Executive Director Nuestra Tierra Conservation Project and Board Vice Chair Next 100 Coalition | Member Outdoor F.U.T.U.R.E<\/h6>\n<p><span style=\"font-weight: 400;\"><a href=\"https:\/\/pnts.org\/new\/wp-content\/uploads\/2022\/10\/Angel-Headshot-scaled.jpg\"><img loading=\"lazy\" class=\"wp-image-18548 alignleft\" src=\"https:\/\/pnts.org\/new\/wp-content\/uploads\/2022\/10\/Angel-Headshot-scaled.jpg\" alt=\"\" width=\"277\" height=\"415\" srcset=\"https:\/\/pnts.org\/new\/wp-content\/uploads\/2022\/10\/Angel-Headshot-scaled.jpg 1710w, https:\/\/pnts.org\/new\/wp-content\/uploads\/2022\/10\/Angel-Headshot-200x300.jpg 200w\" sizes=\"(max-width: 277px) 100vw, 277px\" \/><\/a>\u00c1ngel Pe\u00f1a was born and raised in the R\u00edo Bravo valley. He is a first generation American and father of three. \u00c1ngel\u2019s education in anthropology and archeology allows him to emphasize and advocate for our nation\u2019s historic, prehistoric and cultural assets, bringing cultural resources to the forefront of conservation. As a Cultural Resources Specialist for New Mexico Wild (2012), Wyss Fellow (2014), &amp; as the R\u00edo Bravo Director at the Conservation Lands Foundation (2016), \u00c0ngel has had the opportunity to support and lead amazing teams that ultimately secured protections totaling millions of acres across the American Southwest. Currently a\u00a0 Vice Chair of the Next 100 Coalition National Board, he actively works to identify new ways in which we can increase the diversity and inclusion of the histories, cultures, knowledge and people represented in our public lands and wide open spaces. \u201cAs the President of the Nuestra Tierra Conservation Project it\u2019s about empowering the people that have true, authentic and deep-rooted ties to the land. It\u2019s about supporting and empowering those agents of change. That\u2019s how we win.\u201d And, as you will hear from him- \u201cForward is our battle cry\u201d<\/span><\/p>\n<p style=\"text-align: left;\"><span style=\"font-weight: 400;\">A first-generation Mexican American, \u00c1ngel is a proud father of three, an avid memory maker with his friends and family, and a public lands and people advocate. Over the last decade, Angel has been part of and led overwhelmingly successful efforts to protect landscapes and places that help capture the full American story. As the Executive Director of the Nuestra Tierra Conservation Project, \u00c1ngel works to ensure that Frontera, Borderland, communities, leaders, have access to the political process and our histories are reflected in public land management decisions.<\/span><\/p>\n<p style=\"text-align: left;\"><span style=\"font-weight: 400;\">For communities along the border or la frontera, how do relationships with the land mgmt agencies, like the USFS show up for people in the region and how does this create barriers to people from thai region, or how has the experience been for people in the region.<\/span><\/p>\n<h6><\/h6>\n<p>&nbsp;<\/p>\n<h6><strong>Keystone Policy Institute team members: Mallory Huggins &amp; Jonathan Tyrell<\/strong><\/h6>\n<p>&nbsp;<\/p>\n<p style=\"text-align: center;\"><span style=\"color: #000000;\"><a href=\"https:\/\/pnts.org\/new\/2022-national-trails-workshop\/\" class=\"su-button su-button-style-flat\" style=\"color:#ffffff;background-color:#004aad;border-color:#003c8b;border-radius:10px;-moz-border-radius:10px;-webkit-border-radius:10px\" target=\"_blank\" rel=\"noopener noreferrer\"><span style=\"color:#ffffff;padding:0px 26px;font-size:20px;line-height:40px;border-color:#4d81c6;border-radius:10px;-moz-border-radius:10px;-webkit-border-radius:10px;text-shadow:0px 0px 0px #000000;-moz-text-shadow:0px 0px 0px #000000;-webkit-text-shadow:0px 0px 0px #000000\"> 2022 National Trails Workshop Schedule<\/span><\/a><\/span><\/p>\n","protected":false},"excerpt":{"rendered":"<p>Thursday, November 3, 2022 1:15\u20134:15pm &nbsp; Speakers Taishya Adams,\u00a0Founder and Chief Intersectional Strategist,\u00a0Mukuyu Collective, LLC | Member\u00a0Outdoor F.U.T.U.R.E Taishya Adams is a servant leader focused on collective liberation and stewardship through personal transformation, community activation, and multi-systems change. After 25 years in the field of&hellip; <\/p>\n<div class=\"button right\"><a class=\"button more-link\" href=\"https:\/\/pnts.org\/new\/expanding-representation-in-our-trail-organizations\/\">more &raquo;<\/a><\/div>\n","protected":false},"author":952,"featured_media":0,"parent":0,"menu_order":0,"comment_status":"closed","ping_status":"closed","template":"","meta":[],"acf":[],"_links":{"self":[{"href":"https:\/\/pnts.org\/new\/wp-json\/wp\/v2\/pages\/17866"}],"collection":[{"href":"https:\/\/pnts.org\/new\/wp-json\/wp\/v2\/pages"}],"about":[{"href":"https:\/\/pnts.org\/new\/wp-json\/wp\/v2\/types\/page"}],"author":[{"embeddable":true,"href":"https:\/\/pnts.org\/new\/wp-json\/wp\/v2\/users\/952"}],"replies":[{"embeddable":true,"href":"https:\/\/pnts.org\/new\/wp-json\/wp\/v2\/comments?post=17866"}],"version-history":[{"count":10,"href":"https:\/\/pnts.org\/new\/wp-json\/wp\/v2\/pages\/17866\/revisions"}],"predecessor-version":[{"id":18550,"href":"https:\/\/pnts.org\/new\/wp-json\/wp\/v2\/pages\/17866\/revisions\/18550"}],"wp:attachment":[{"href":"https:\/\/pnts.org\/new\/wp-json\/wp\/v2\/media?parent=17866"}],"curies":[{"name":"wp","href":"https:\/\/api.w.org\/{rel}","templated":true}]}}